{"id":3,"date":"2023-09-27T20:21:53","date_gmt":"2023-09-27T18:21:53","guid":{"rendered":"http:\/\/jndonline.fr\/?page_id=3"},"modified":"2023-10-08T11:25:49","modified_gmt":"2023-10-08T09:25:49","slug":"politique-de-confidentialite","status":"publish","type":"page","link":"https:\/\/jndonline.fr\/?page_id=3","title":{"rendered":"Politique De Confidentialit\u00e9"},"content":{"rendered":"\n<p><a href=\"https:\/\/jndonline.fr\/\">www.jndonline.fr<\/a><\/p>\n\n\n\n<p>Derni\u00e8re mise \u00e0 jour : 09\/2023<\/p>\n\n\n\n<ol>\n<li style=\"font-size:25px\"><strong>Introduction<\/strong><\/li>\n<\/ol>\n\n\n\n<p>La pr\u00e9sente Politique de Confidentialit\u00e9 d\u00e9crit comment l&#8217;Agence J&amp;D Online (ci-apr\u00e8s d\u00e9nomm\u00e9e &#8220;nous&#8221;, &#8220;notre&#8221; ou &#8220;l&#8217;Agence&#8221;) collecte, utilise et prot\u00e8ge vos donn\u00e9es personnelles lorsque vous visitez notre site Web, utilisez nos services ou interagissez avec nous. Nous nous engageons \u00e0 prot\u00e9ger la confidentialit\u00e9 et la s\u00e9curit\u00e9 de vos donn\u00e9es personnelles conform\u00e9ment aux lois et r\u00e9glementations en vigueur.<\/p>\n\n\n\n<ol start=\"2\">\n<li style=\"font-size:25px\"><strong>Donn\u00e9es que nous collectons<\/strong><\/li>\n<\/ol>\n\n\n\n<p>Nous pouvons collecter les cat\u00e9gories de donn\u00e9es personnelles suivantes :<\/p>\n\n\n\n<ul>\n<li>Informations d&#8217;identification (nom, pr\u00e9nom, adresse, etc.).<\/li>\n\n\n\n<li>Coordonn\u00e9es de contact (adresse e-mail, num\u00e9ro de t\u00e9l\u00e9phone, adresse postale, etc.).<\/li>\n\n\n\n<li>Informations de paiement (le cas \u00e9ch\u00e9ant).<\/li>\n\n\n\n<li>Informations sur votre utilisation de notre site Web et de nos services (cookies, journaux de serveur, etc.).<\/li>\n\n\n\n<li>Autres informations que vous nous fournissez volontairement.<\/li>\n<\/ul>\n\n\n\n<ol start=\"3\">\n<li style=\"font-size:25px\"><strong>Comment nous utilisons vos donn\u00e9es personnelles<\/strong><\/li>\n<\/ol>\n\n\n\n<p>Nous utilisons vos donn\u00e9es personnelles aux fins suivantes :<\/p>\n\n\n\n<ul>\n<li>Pour vous fournir nos services de publicit\u00e9 Google Ads, Facebook Ads et de marketing.<\/li>\n\n\n\n<li>Pour g\u00e9rer votre compte client.<\/li>\n\n\n\n<li>Pour vous envoyer des informations sur nos produits, services, offres sp\u00e9ciales et \u00e9v\u00e9nements (avec votre consentement, le cas \u00e9ch\u00e9ant).<\/li>\n\n\n\n<li>Pour am\u00e9liorer notre site Web et nos services.<\/li>\n\n\n\n<li>Pour r\u00e9pondre \u00e0 vos demandes et questions.<\/li>\n\n\n\n<li>Pour respecter nos obligations l\u00e9gales et r\u00e9glementaires.<\/li>\n<\/ul>\n\n\n\n<ol start=\"4\">\n<li style=\"font-size:25px\"><strong>Partage de vos donn\u00e9es personnelles<\/strong><\/li>\n<\/ol>\n\n\n\n<p>Nous pouvons partager vos donn\u00e9es personnelles avec des tiers dans les cas suivants :<\/p>\n\n\n\n<ul>\n<li>Avec des prestataires de services tiers qui nous aident \u00e0 fournir nos services.<\/li>\n\n\n\n<li>Avec des autorit\u00e9s comp\u00e9tentes en cas de demande l\u00e9gale ou r\u00e9glementaire.<\/li>\n\n\n\n<li>Avec des tiers dans le cadre d&#8217;une fusion, acquisition ou vente d&#8217;actifs de l&#8217;entreprise.<\/li>\n<\/ul>\n\n\n\n<ol start=\"5\">\n<li style=\"font-size:25px\"><strong>Vos droits de confidentialit\u00e9<\/strong><\/li>\n<\/ol>\n\n\n\n<p>Vous avez certains droits concernant vos donn\u00e9es personnelles, notamment le droit d&#8217;acc\u00e9der \u00e0 vos donn\u00e9es, de les rectifier, de les supprimer et de vous opposer \u00e0 leur traitement. Pour exercer ces droits ou pour toute question concernant vos donn\u00e9es personnelles, veuillez nous contacter \u00e0 <a href=\"mailto:contact@jndonline.fr\" target=\"_blank\" rel=\"noreferrer noopener\">contact@jndonline.fr<\/a><\/p>\n\n\n\n<ol start=\"6\">\n<li style=\"font-size:25px\"><strong>S\u00e9curit\u00e9 des donn\u00e9es<\/strong><\/li>\n<\/ol>\n\n\n\n<p>Nous mettons en place des mesures de s\u00e9curit\u00e9 appropri\u00e9es pour prot\u00e9ger vos donn\u00e9es personnelles contre tout acc\u00e8s non autoris\u00e9, perte, utilisation abusive ou divulgation.<\/p>\n\n\n\n<ol start=\"7\">\n<li style=\"font-size:25px\"><strong>Cookies<\/strong><\/li>\n<\/ol>\n\n\n\n<p>Nous utilisons des cookies sur notre site Web. Pour en savoir plus sur l&#8217;utilisation des cookies, veuillez nous contacter \u00e0 <a href=\"mailto:contact@jndonline.fr\" target=\"_blank\" rel=\"noreferrer noopener\">contact@jndonline.fr<\/a><\/p>\n\n\n\n<ol start=\"8\">\n<li style=\"font-size:25px\"><strong>Modification de la politique de confidentialit\u00e9<\/strong><\/li>\n<\/ol>\n\n\n\n<p>Nous pouvons mettre \u00e0 jour cette Politique de Confidentialit\u00e9 p\u00e9riodiquement. La date de la derni\u00e8re mise \u00e0 jour sera indiqu\u00e9e en haut de cette page.<\/p>\n\n\n\n<ol start=\"9\">\n<li style=\"font-size:23px\"><strong>Coordonn\u00e9es<\/strong><\/li>\n<\/ol>\n\n\n\n<p>Pour toute question concernant cette Politique de Confidentialit\u00e9, veuillez nous contacter \u00e0 <a href=\"mailto:contact@jndonline.fr\" target=\"_blank\" rel=\"noreferrer noopener\">contact@jndonline.fr<\/a><\/p>\n","protected":false},"excerpt":{"rendered":"<p>www.jndonline.fr Derni\u00e8re mise \u00e0 jour : 09\/2023 La pr\u00e9sente Politique de Confidentialit\u00e9 d\u00e9crit comment l&#8217;Agence J&amp;D Online (ci-apr\u00e8s d\u00e9nomm\u00e9e &#8220;nous&#8221;, &#8220;notre&#8221; ou &#8220;l&#8217;Agence&#8221;) collecte, utilise et prot\u00e8ge vos donn\u00e9es personnelles lorsque vous visitez notre site Web, utilisez nos services ou interagissez avec nous. Nous nous engageons \u00e0 prot\u00e9ger la confidentialit\u00e9 et la s\u00e9curit\u00e9 de vos &hellip;<\/p>\n<p class=\"read-more\"> <a class=\"\" href=\"https:\/\/jndonline.fr\/?page_id=3\"> <span class=\"screen-reader-text\">Politique De Confidentialit\u00e9<\/span> Read More &raquo;<\/a><\/p>\n","protected":false},"author":1,"featured_media":0,"parent":0,"menu_order":0,"comment_status":"closed","ping_status":"closed","template":"","meta":{"_monsterinsights_skip_tracking":false,"_monsterinsights_sitenote_active":false,"_monsterinsights_sitenote_note":"","_monsterinsights_sitenote_category":0,"site-sidebar-layout":"default","site-content-layout":"","ast-site-content-layout":"","site-content-style":"default","site-sidebar-style":"default","ast-global-header-display":"disabled","ast-banner-title-visibility":"","ast-main-header-display":"","ast-hfb-above-header-display":"","ast-hfb-below-header-display":"","ast-hfb-mobile-header-display":"","site-post-title":"","ast-breadcrumbs-content":"","ast-featured-img":"","footer-sml-layout":"","theme-transparent-header-meta":"","adv-header-id-meta":"","stick-header-meta":"","header-above-stick-meta":"","header-main-stick-meta":"","header-below-stick-meta":"","astra-migrate-meta-layouts":"","footnotes":""},"yoast_head":"<!-- This site is optimized with the Yoast SEO plugin v21.3 - https:\/\/yoast.com\/wordpress\/plugins\/seo\/ -->\n<title>Politique De Confidentialit\u00e9 - jndonline-fr<\/title>\n<meta name=\"robots\" content=\"index, follow, max-snippet:-1, max-image-preview:large, max-video-preview:-1\" \/>\n<link rel=\"canonical\" href=\"https:\/\/jndonline.fr\/?page_id=3\" \/>\n<meta property=\"og:locale\" content=\"en_US\" \/>\n<meta property=\"og:type\" content=\"article\" \/>\n<meta property=\"og:title\" content=\"Politique De Confidentialit\u00e9 - jndonline-fr\" \/>\n<meta property=\"og:description\" content=\"www.jndonline.fr Derni\u00e8re mise \u00e0 jour : 09\/2023 La pr\u00e9sente Politique de Confidentialit\u00e9 d\u00e9crit comment l&#8217;Agence J&amp;D Online (ci-apr\u00e8s d\u00e9nomm\u00e9e &#8220;nous&#8221;, &#8220;notre&#8221; ou &#8220;l&#8217;Agence&#8221;) collecte, utilise et prot\u00e8ge vos donn\u00e9es personnelles lorsque vous visitez notre site Web, utilisez nos services ou interagissez avec nous. Nous nous engageons \u00e0 prot\u00e9ger la confidentialit\u00e9 et la s\u00e9curit\u00e9 de vos &hellip; Politique De Confidentialit\u00e9 Read More &raquo;\" \/>\n<meta property=\"og:url\" content=\"https:\/\/jndonline.fr\/?page_id=3\" \/>\n<meta property=\"og:site_name\" content=\"jndonline-fr\" \/>\n<meta property=\"article:modified_time\" content=\"2023-10-08T09:25:49+00:00\" \/>\n<meta name=\"twitter:card\" content=\"summary_large_image\" \/>\n<meta name=\"twitter:label1\" content=\"Est. reading time\" \/>\n\t<meta name=\"twitter:data1\" content=\"3 minutes\" \/>\n<script type=\"application\/ld+json\" class=\"yoast-schema-graph\">{\"@context\":\"https:\/\/schema.org\",\"@graph\":[{\"@type\":\"WebPage\",\"@id\":\"https:\/\/jndonline.fr\/?page_id=3\",\"url\":\"https:\/\/jndonline.fr\/?page_id=3\",\"name\":\"Politique De Confidentialit\u00e9 - jndonline-fr\",\"isPartOf\":{\"@id\":\"https:\/\/jndonline.fr\/#website\"},\"datePublished\":\"2023-09-27T18:21:53+00:00\",\"dateModified\":\"2023-10-08T09:25:49+00:00\",\"breadcrumb\":{\"@id\":\"https:\/\/jndonline.fr\/?page_id=3#breadcrumb\"},\"inLanguage\":\"en-US\",\"potentialAction\":[{\"@type\":\"ReadAction\",\"target\":[\"https:\/\/jndonline.fr\/?page_id=3\"]}]},{\"@type\":\"BreadcrumbList\",\"@id\":\"https:\/\/jndonline.fr\/?page_id=3#breadcrumb\",\"itemListElement\":[{\"@type\":\"ListItem\",\"position\":1,\"name\":\"Accueil\",\"item\":\"https:\/\/jndonline.fr\/\"},{\"@type\":\"ListItem\",\"position\":2,\"name\":\"Politique De Confidentialit\u00e9\"}]},{\"@type\":\"WebSite\",\"@id\":\"https:\/\/jndonline.fr\/#website\",\"url\":\"https:\/\/jndonline.fr\/\",\"name\":\"jndonline-fr\",\"description\":\"Votre R\u00e9ussite en Ligne Commence Ici !\",\"publisher\":{\"@id\":\"https:\/\/jndonline.fr\/#organization\"},\"potentialAction\":[{\"@type\":\"SearchAction\",\"target\":{\"@type\":\"EntryPoint\",\"urlTemplate\":\"https:\/\/jndonline.fr\/?s={search_term_string}\"},\"query-input\":\"required name=search_term_string\"}],\"inLanguage\":\"en-US\"},{\"@type\":\"Organization\",\"@id\":\"https:\/\/jndonline.fr\/#organization\",\"name\":\"jndonline-fr\",\"url\":\"https:\/\/jndonline.fr\/\",\"logo\":{\"@type\":\"ImageObject\",\"inLanguage\":\"en-US\",\"@id\":\"https:\/\/jndonline.fr\/#\/schema\/logo\/image\/\",\"url\":\"https:\/\/jndonline.fr\/wp-content\/uploads\/2024\/02\/cropped-J_D_Online__6_-removebg-preview.png\",\"contentUrl\":\"https:\/\/jndonline.fr\/wp-content\/uploads\/2024\/02\/cropped-J_D_Online__6_-removebg-preview.png\",\"width\":500,\"height\":315,\"caption\":\"jndonline-fr\"},\"image\":{\"@id\":\"https:\/\/jndonline.fr\/#\/schema\/logo\/image\/\"}}]}<\/script>\n<!-- \/ Yoast SEO plugin. -->","yoast_head_json":{"title":"Politique De Confidentialit\u00e9 - jndonline-fr","robots":{"index":"index","follow":"follow","max-snippet":"max-snippet:-1","max-image-preview":"max-image-preview:large","max-video-preview":"max-video-preview:-1"},"canonical":"https:\/\/jndonline.fr\/?page_id=3","og_locale":"en_US","og_type":"article","og_title":"Politique De Confidentialit\u00e9 - jndonline-fr","og_description":"www.jndonline.fr Derni\u00e8re mise \u00e0 jour : 09\/2023 La pr\u00e9sente Politique de Confidentialit\u00e9 d\u00e9crit comment l&#8217;Agence J&amp;D Online (ci-apr\u00e8s d\u00e9nomm\u00e9e &#8220;nous&#8221;, &#8220;notre&#8221; ou &#8220;l&#8217;Agence&#8221;) collecte, utilise et prot\u00e8ge vos donn\u00e9es personnelles lorsque vous visitez notre site Web, utilisez nos services ou interagissez avec nous. Nous nous engageons \u00e0 prot\u00e9ger la confidentialit\u00e9 et la s\u00e9curit\u00e9 de vos &hellip; Politique De Confidentialit\u00e9 Read More &raquo;","og_url":"https:\/\/jndonline.fr\/?page_id=3","og_site_name":"jndonline-fr","article_modified_time":"2023-10-08T09:25:49+00:00","twitter_card":"summary_large_image","twitter_misc":{"Est. reading time":"3 minutes"},"schema":{"@context":"https:\/\/schema.org","@graph":[{"@type":"WebPage","@id":"https:\/\/jndonline.fr\/?page_id=3","url":"https:\/\/jndonline.fr\/?page_id=3","name":"Politique De Confidentialit\u00e9 - jndonline-fr","isPartOf":{"@id":"https:\/\/jndonline.fr\/#website"},"datePublished":"2023-09-27T18:21:53+00:00","dateModified":"2023-10-08T09:25:49+00:00","breadcrumb":{"@id":"https:\/\/jndonline.fr\/?page_id=3#breadcrumb"},"inLanguage":"en-US","potentialAction":[{"@type":"ReadAction","target":["https:\/\/jndonline.fr\/?page_id=3"]}]},{"@type":"BreadcrumbList","@id":"https:\/\/jndonline.fr\/?page_id=3#breadcrumb","itemListElement":[{"@type":"ListItem","position":1,"name":"Accueil","item":"https:\/\/jndonline.fr\/"},{"@type":"ListItem","position":2,"name":"Politique De Confidentialit\u00e9"}]},{"@type":"WebSite","@id":"https:\/\/jndonline.fr\/#website","url":"https:\/\/jndonline.fr\/","name":"jndonline-fr","description":"Votre R\u00e9ussite en Ligne Commence Ici !","publisher":{"@id":"https:\/\/jndonline.fr\/#organization"},"potentialAction":[{"@type":"SearchAction","target":{"@type":"EntryPoint","urlTemplate":"https:\/\/jndonline.fr\/?s={search_term_string}"},"query-input":"required name=search_term_string"}],"inLanguage":"en-US"},{"@type":"Organization","@id":"https:\/\/jndonline.fr\/#organization","name":"jndonline-fr","url":"https:\/\/jndonline.fr\/","logo":{"@type":"ImageObject","inLanguage":"en-US","@id":"https:\/\/jndonline.fr\/#\/schema\/logo\/image\/","url":"https:\/\/jndonline.fr\/wp-content\/uploads\/2024\/02\/cropped-J_D_Online__6_-removebg-preview.png","contentUrl":"https:\/\/jndonline.fr\/wp-content\/uploads\/2024\/02\/cropped-J_D_Online__6_-removebg-preview.png","width":500,"height":315,"caption":"jndonline-fr"},"image":{"@id":"https:\/\/jndonline.fr\/#\/schema\/logo\/image\/"}}]}},"_links":{"self":[{"href":"https:\/\/jndonline.fr\/index.php?rest_route=\/wp\/v2\/pages\/3"}],"collection":[{"href":"https:\/\/jndonline.fr\/index.php?rest_route=\/wp\/v2\/pages"}],"about":[{"href":"https:\/\/jndonline.fr\/index.php?rest_route=\/wp\/v2\/types\/page"}],"author":[{"embeddable":true,"href":"https:\/\/jndonline.fr\/index.php?rest_route=\/wp\/v2\/users\/1"}],"replies":[{"embeddable":true,"href":"https:\/\/jndonline.fr\/index.php?rest_route=%2Fwp%2Fv2%2Fcomments&post=3"}],"version-history":[{"count":10,"href":"https:\/\/jndonline.fr\/index.php?rest_route=\/wp\/v2\/pages\/3\/revisions"}],"predecessor-version":[{"id":402,"href":"https:\/\/jndonline.fr\/index.php?rest_route=\/wp\/v2\/pages\/3\/revisions\/402"}],"wp:attachment":[{"href":"https:\/\/jndonline.fr\/index.php?rest_route=%2Fwp%2Fv2%2Fmedia&parent=3"}],"curies":[{"name":"wp","href":"https:\/\/api.w.org\/{rel}","templated":true}]}}