{"id":351,"date":"2023-10-08T08:25:42","date_gmt":"2023-10-08T06:25:42","guid":{"rendered":"https:\/\/jndonline.fr\/?page_id=351"},"modified":"2023-11-02T08:56:13","modified_gmt":"2023-11-02T07:56:13","slug":"mentions-legales","status":"publish","type":"page","link":"https:\/\/jndonline.fr\/?page_id=351","title":{"rendered":"Mentions L\u00e9gales"},"content":{"rendered":"\n<p><a href=\"https:\/\/jndonline.fr\/\">www.jndonline.fr<\/a><\/p>\n\n\n\n<p style=\"font-size:25px\"><strong>1. Informations g\u00e9n\u00e9rales :<\/strong><\/p>\n\n\n\n<p>Raison sociale de l&#8217;agence de publicit\u00e9 : J&amp;D Online SAS<\/p>\n\n\n\n<p>Adresse du si\u00e8ge social : 26 Rue Bosquet, 75007 Paris.<\/p>\n\n\n\n<p>T\u00e9l\u00e9phone : +33 7 82 63 89 10<\/p>\n\n\n\n<p>Adresse e-mail : contact@jndonline.fr  <\/p>\n\n\n\n<p>Num\u00e9ro SIRET : 94845978900012<\/p>\n\n\n\n<p>Num\u00e9ro TVA intracommunautaire : FR03948459789<\/p>\n\n\n\n<p style=\"font-size:25px\"><strong>2. Responsable de la publication :<\/strong><\/p>\n\n\n\n<p>Nom et pr\u00e9nom du responsable de la publication : Mr Moine <\/p>\n\n\n\n<p>Adresse e-mail du responsable de la publication : contact@jndonline.fr<\/p>\n\n\n\n<p style=\"font-size:25px\"><strong>3. H\u00e9bergement du site Web :<\/strong><\/p>\n\n\n\n<p>Nom de l&#8217;h\u00e9bergeur : HOSTINGER INTERNATIONAL LTD, 61 Lordou Vironos Street, 6023 Larnaca, Chypre.<\/p>\n","protected":false},"excerpt":{"rendered":"<p>www.jndonline.fr 1. Informations g\u00e9n\u00e9rales : Raison sociale de l&#8217;agence de publicit\u00e9 : J&amp;D Online SAS Adresse du si\u00e8ge social : 26 Rue Bosquet, 75007 Paris. T\u00e9l\u00e9phone : +33 7 82 63 89 10 Adresse e-mail : contact@jndonline.fr Num\u00e9ro SIRET : 94845978900012 Num\u00e9ro TVA intracommunautaire : FR03948459789 2. Responsable de la publication : Nom et pr\u00e9nom &hellip;<\/p>\n<p class=\"read-more\"> <a class=\"\" href=\"https:\/\/jndonline.fr\/?page_id=351\"> <span class=\"screen-reader-text\">Mentions L\u00e9gales<\/span> Read More &raquo;<\/a><\/p>\n","protected":false},"author":1,"featured_media":0,"parent":0,"menu_order":0,"comment_status":"closed","ping_status":"closed","template":"","meta":{"_monsterinsights_skip_tracking":false,"_monsterinsights_sitenote_active":false,"_monsterinsights_sitenote_note":"","_monsterinsights_sitenote_category":0,"site-sidebar-layout":"default","site-content-layout":"","ast-site-content-layout":"","site-content-style":"default","site-sidebar-style":"default","ast-global-header-display":"disabled","ast-banner-title-visibility":"","ast-main-header-display":"","ast-hfb-above-header-display":"","ast-hfb-below-header-display":"","ast-hfb-mobile-header-display":"","site-post-title":"","ast-breadcrumbs-content":"","ast-featured-img":"","footer-sml-layout":"","theme-transparent-header-meta":"","adv-header-id-meta":"","stick-header-meta":"","header-above-stick-meta":"","header-main-stick-meta":"","header-below-stick-meta":"","astra-migrate-meta-layouts":"","footnotes":""},"yoast_head":"<!-- This site is optimized with the Yoast SEO plugin v21.3 - https:\/\/yoast.com\/wordpress\/plugins\/seo\/ -->\n<title>Mentions L\u00e9gales - jndonline-fr<\/title>\n<meta name=\"robots\" content=\"index, follow, max-snippet:-1, max-image-preview:large, max-video-preview:-1\" \/>\n<link rel=\"canonical\" href=\"https:\/\/jndonline.fr\/?page_id=351\" \/>\n<meta property=\"og:locale\" content=\"en_US\" \/>\n<meta property=\"og:type\" content=\"article\" \/>\n<meta property=\"og:title\" content=\"Mentions L\u00e9gales - jndonline-fr\" \/>\n<meta property=\"og:description\" content=\"www.jndonline.fr 1. Informations g\u00e9n\u00e9rales : Raison sociale de l&#8217;agence de publicit\u00e9 : J&amp;D Online SAS Adresse du si\u00e8ge social : 26 Rue Bosquet, 75007 Paris. T\u00e9l\u00e9phone : +33 7 82 63 89 10 Adresse e-mail : contact@jndonline.fr Num\u00e9ro SIRET : 94845978900012 Num\u00e9ro TVA intracommunautaire : FR03948459789 2. Responsable de la publication : Nom et pr\u00e9nom &hellip; Mentions L\u00e9gales Read More &raquo;\" \/>\n<meta property=\"og:url\" content=\"https:\/\/jndonline.fr\/?page_id=351\" \/>\n<meta property=\"og:site_name\" content=\"jndonline-fr\" \/>\n<meta property=\"article:modified_time\" content=\"2023-11-02T07:56:13+00:00\" \/>\n<meta name=\"twitter:card\" content=\"summary_large_image\" \/>\n<meta name=\"twitter:label1\" content=\"Est. reading time\" \/>\n\t<meta name=\"twitter:data1\" content=\"1 minute\" \/>\n<script type=\"application\/ld+json\" class=\"yoast-schema-graph\">{\"@context\":\"https:\/\/schema.org\",\"@graph\":[{\"@type\":\"WebPage\",\"@id\":\"https:\/\/jndonline.fr\/?page_id=351\",\"url\":\"https:\/\/jndonline.fr\/?page_id=351\",\"name\":\"Mentions L\u00e9gales - jndonline-fr\",\"isPartOf\":{\"@id\":\"https:\/\/jndonline.fr\/#website\"},\"datePublished\":\"2023-10-08T06:25:42+00:00\",\"dateModified\":\"2023-11-02T07:56:13+00:00\",\"breadcrumb\":{\"@id\":\"https:\/\/jndonline.fr\/?page_id=351#breadcrumb\"},\"inLanguage\":\"en-US\",\"potentialAction\":[{\"@type\":\"ReadAction\",\"target\":[\"https:\/\/jndonline.fr\/?page_id=351\"]}]},{\"@type\":\"BreadcrumbList\",\"@id\":\"https:\/\/jndonline.fr\/?page_id=351#breadcrumb\",\"itemListElement\":[{\"@type\":\"ListItem\",\"position\":1,\"name\":\"Accueil\",\"item\":\"https:\/\/jndonline.fr\/\"},{\"@type\":\"ListItem\",\"position\":2,\"name\":\"Mentions L\u00e9gales\"}]},{\"@type\":\"WebSite\",\"@id\":\"https:\/\/jndonline.fr\/#website\",\"url\":\"https:\/\/jndonline.fr\/\",\"name\":\"jndonline-fr\",\"description\":\"Votre R\u00e9ussite en Ligne Commence Ici !\",\"publisher\":{\"@id\":\"https:\/\/jndonline.fr\/#organization\"},\"potentialAction\":[{\"@type\":\"SearchAction\",\"target\":{\"@type\":\"EntryPoint\",\"urlTemplate\":\"https:\/\/jndonline.fr\/?s={search_term_string}\"},\"query-input\":\"required name=search_term_string\"}],\"inLanguage\":\"en-US\"},{\"@type\":\"Organization\",\"@id\":\"https:\/\/jndonline.fr\/#organization\",\"name\":\"jndonline-fr\",\"url\":\"https:\/\/jndonline.fr\/\",\"logo\":{\"@type\":\"ImageObject\",\"inLanguage\":\"en-US\",\"@id\":\"https:\/\/jndonline.fr\/#\/schema\/logo\/image\/\",\"url\":\"https:\/\/jndonline.fr\/wp-content\/uploads\/2024\/02\/cropped-J_D_Online__6_-removebg-preview.png\",\"contentUrl\":\"https:\/\/jndonline.fr\/wp-content\/uploads\/2024\/02\/cropped-J_D_Online__6_-removebg-preview.png\",\"width\":500,\"height\":315,\"caption\":\"jndonline-fr\"},\"image\":{\"@id\":\"https:\/\/jndonline.fr\/#\/schema\/logo\/image\/\"}}]}<\/script>\n<!-- \/ Yoast SEO plugin. -->","yoast_head_json":{"title":"Mentions L\u00e9gales - jndonline-fr","robots":{"index":"index","follow":"follow","max-snippet":"max-snippet:-1","max-image-preview":"max-image-preview:large","max-video-preview":"max-video-preview:-1"},"canonical":"https:\/\/jndonline.fr\/?page_id=351","og_locale":"en_US","og_type":"article","og_title":"Mentions L\u00e9gales - jndonline-fr","og_description":"www.jndonline.fr 1. Informations g\u00e9n\u00e9rales : Raison sociale de l&#8217;agence de publicit\u00e9 : J&amp;D Online SAS Adresse du si\u00e8ge social : 26 Rue Bosquet, 75007 Paris. T\u00e9l\u00e9phone : +33 7 82 63 89 10 Adresse e-mail : contact@jndonline.fr Num\u00e9ro SIRET : 94845978900012 Num\u00e9ro TVA intracommunautaire : FR03948459789 2. Responsable de la publication : Nom et pr\u00e9nom &hellip; Mentions L\u00e9gales Read More &raquo;","og_url":"https:\/\/jndonline.fr\/?page_id=351","og_site_name":"jndonline-fr","article_modified_time":"2023-11-02T07:56:13+00:00","twitter_card":"summary_large_image","twitter_misc":{"Est. reading time":"1 minute"},"schema":{"@context":"https:\/\/schema.org","@graph":[{"@type":"WebPage","@id":"https:\/\/jndonline.fr\/?page_id=351","url":"https:\/\/jndonline.fr\/?page_id=351","name":"Mentions L\u00e9gales - jndonline-fr","isPartOf":{"@id":"https:\/\/jndonline.fr\/#website"},"datePublished":"2023-10-08T06:25:42+00:00","dateModified":"2023-11-02T07:56:13+00:00","breadcrumb":{"@id":"https:\/\/jndonline.fr\/?page_id=351#breadcrumb"},"inLanguage":"en-US","potentialAction":[{"@type":"ReadAction","target":["https:\/\/jndonline.fr\/?page_id=351"]}]},{"@type":"BreadcrumbList","@id":"https:\/\/jndonline.fr\/?page_id=351#breadcrumb","itemListElement":[{"@type":"ListItem","position":1,"name":"Accueil","item":"https:\/\/jndonline.fr\/"},{"@type":"ListItem","position":2,"name":"Mentions L\u00e9gales"}]},{"@type":"WebSite","@id":"https:\/\/jndonline.fr\/#website","url":"https:\/\/jndonline.fr\/","name":"jndonline-fr","description":"Votre R\u00e9ussite en Ligne Commence Ici !","publisher":{"@id":"https:\/\/jndonline.fr\/#organization"},"potentialAction":[{"@type":"SearchAction","target":{"@type":"EntryPoint","urlTemplate":"https:\/\/jndonline.fr\/?s={search_term_string}"},"query-input":"required name=search_term_string"}],"inLanguage":"en-US"},{"@type":"Organization","@id":"https:\/\/jndonline.fr\/#organization","name":"jndonline-fr","url":"https:\/\/jndonline.fr\/","logo":{"@type":"ImageObject","inLanguage":"en-US","@id":"https:\/\/jndonline.fr\/#\/schema\/logo\/image\/","url":"https:\/\/jndonline.fr\/wp-content\/uploads\/2024\/02\/cropped-J_D_Online__6_-removebg-preview.png","contentUrl":"https:\/\/jndonline.fr\/wp-content\/uploads\/2024\/02\/cropped-J_D_Online__6_-removebg-preview.png","width":500,"height":315,"caption":"jndonline-fr"},"image":{"@id":"https:\/\/jndonline.fr\/#\/schema\/logo\/image\/"}}]}},"_links":{"self":[{"href":"https:\/\/jndonline.fr\/index.php?rest_route=\/wp\/v2\/pages\/351"}],"collection":[{"href":"https:\/\/jndonline.fr\/index.php?rest_route=\/wp\/v2\/pages"}],"about":[{"href":"https:\/\/jndonline.fr\/index.php?rest_route=\/wp\/v2\/types\/page"}],"author":[{"embeddable":true,"href":"https:\/\/jndonline.fr\/index.php?rest_route=\/wp\/v2\/users\/1"}],"replies":[{"embeddable":true,"href":"https:\/\/jndonline.fr\/index.php?rest_route=%2Fwp%2Fv2%2Fcomments&post=351"}],"version-history":[{"count":7,"href":"https:\/\/jndonline.fr\/index.php?rest_route=\/wp\/v2\/pages\/351\/revisions"}],"predecessor-version":[{"id":573,"href":"https:\/\/jndonline.fr\/index.php?rest_route=\/wp\/v2\/pages\/351\/revisions\/573"}],"wp:attachment":[{"href":"https:\/\/jndonline.fr\/index.php?rest_route=%2Fwp%2Fv2%2Fmedia&parent=351"}],"curies":[{"name":"wp","href":"https:\/\/api.w.org\/{rel}","templated":true}]}}